{"id":2917,"date":"2022-12-04T10:29:45","date_gmt":"2022-12-04T08:29:45","guid":{"rendered":"https:\/\/pruebas.clares.eu\/?page_id=2917"},"modified":"2024-10-18T13:16:06","modified_gmt":"2024-10-18T11:16:06","slug":"ou-sommes-nous","status":"publish","type":"page","link":"https:\/\/pruebas.clares.eu\/fr\/ou-sommes-nous\/","title":{"rendered":"O\u00f9 sommes-nous"},"content":{"rendered":"\t\t<div data-elementor-type=\"wp-page\" data-elementor-id=\"2917\" class=\"elementor elementor-2917 elementor-1581\" data-elementor-post-type=\"page\">\n\t\t\t\t\t\t<section class=\"elementor-section elementor-top-section elementor-element elementor-element-6007052 elementor-section-boxed elementor-section-height-default elementor-section-height-default\" data-id=\"6007052\" data-element_type=\"section\" data-settings=\"{&quot;jet_parallax_layout_list&quot;:[]}\">\n\t\t\t\t\t\t<div class=\"elementor-container elementor-column-gap-default\">\n\t\t\t\t\t<div class=\"elementor-column elementor-col-50 elementor-top-column elementor-element elementor-element-2aeaff7\" data-id=\"2aeaff7\" data-element_type=\"column\">\n\t\t\t<div class=\"elementor-widget-wrap elementor-element-populated\">\n\t\t\t\t\t\t<div class=\"elementor-element elementor-element-a4d3eaf elementor-widget elementor-widget-heading\" data-id=\"a4d3eaf\" data-element_type=\"widget\" data-widget_type=\"heading.default\">\n\t\t\t\t<div class=\"elementor-widget-container\">\n\t\t\t\t\t<h2 class=\"elementor-heading-title elementor-size-default\">UNE SOLIDE IMPLANTATION SUR LE TERRITOIRE NATIONAL<\/h2>\t\t\t\t<\/div>\n\t\t\t\t<\/div>\n\t\t\t\t<div class=\"elementor-element elementor-element-8f56704 elementor-widget elementor-widget-text-editor\" data-id=\"8f56704\" data-element_type=\"widget\" data-widget_type=\"text-editor.default\">\n\t\t\t\t<div class=\"elementor-widget-container\">\n\t\t\t\t\t\t\t\t\t<p>DGH est solidement implant\u00e9e sur tout le territoire espagnol, r\u00e9sultat d\u2019un travail acharn\u00e9, d\u2019un engagement et d\u2019un d\u00e9sir constant d\u2019innover. Notre si\u00e8ge social se trouve \u00e0 Valladolid et nous disposons \u00e9galement de quatre si\u00e8ges r\u00e9gionaux situ\u00e9s \u00e0 Pontevedra, Madrid, Sevilla et Barcelone.<\/p>\n<p>Gr\u00e2ce \u00e0 nos 39 centres de travail r\u00e9partis dans toute l\u2019Espagne, dans lesquels nos plus de 600 travailleurs effectuent leur travail, nous fournissons des services \u00e0 une multitude d\u2019entreprises de tous les secteurs industriels. Tout cela a fait de nous une r\u00e9f\u00e9rence dans le secteur du d\u00e9veloppement et de la maintenance industrielle, tant au niveau national qu\u2019international.<\/p>\n<p>Ce r\u00e9seau \u00e9tendu et bien r\u00e9parti de centres de travail nous permet d\u2019offrir des r\u00e9ponses rapides et efficaces \u00e0 tout type de circonstance pouvant survenir au cours des processus de production de nos clients, tout en nous offrant la flexibilit\u00e9 n\u00e9cessaire pour relever avec garantie les d\u00e9fis actuels et futurs.<\/p>\t\t\t\t\t\t\t\t<\/div>\n\t\t\t\t<\/div>\n\t\t\t\t\t<\/div>\n\t\t<\/div>\n\t\t\t\t<div class=\"elementor-column elementor-col-50 elementor-top-column elementor-element elementor-element-7162395\" data-id=\"7162395\" data-element_type=\"column\">\n\t\t\t<div class=\"elementor-widget-wrap elementor-element-populated\">\n\t\t\t\t\t\t<div class=\"elementor-element elementor-element-acb9818 elementor-widget elementor-widget-image\" data-id=\"acb9818\" data-element_type=\"widget\" data-widget_type=\"image.default\">\n\t\t\t\t<div class=\"elementor-widget-container\">\n\t\t\t\t\t\t\t\t\t\t\t\t\t\t\t<img decoding=\"async\" src=\"https:\/\/pruebas.clares.eu\/wp-content\/uploads\/2024\/10\/Mapa-localizacion-V7.svg\" class=\"attachment-full size-full wp-image-8504\" alt=\"\" \/>\t\t\t\t\t\t\t\t\t\t\t\t\t\t\t<\/div>\n\t\t\t\t<\/div>\n\t\t\t\t<div class=\"elementor-element elementor-element-1468b30 elementor-icon-list--layout-traditional elementor-list-item-link-full_width elementor-widget elementor-widget-icon-list\" data-id=\"1468b30\" data-element_type=\"widget\" data-widget_type=\"icon-list.default\">\n\t\t\t\t<div class=\"elementor-widget-container\">\n\t\t\t\t\t\t\t<ul class=\"elementor-icon-list-items\">\n\t\t\t\t\t\t\t<li class=\"elementor-icon-list-item\">\n\t\t\t\t\t\t\t\t\t\t\t<span class=\"elementor-icon-list-icon\">\n\t\t\t\t\t\t\t<i aria-hidden=\"true\" class=\"fas fa-map-marker-alt\"><\/i>\t\t\t\t\t\t<\/span>\n\t\t\t\t\t\t\t\t\t\t<span class=\"elementor-icon-list-text\">Sites <\/span>\n\t\t\t\t\t\t\t\t\t<\/li>\n\t\t\t\t\t\t<\/ul>\n\t\t\t\t\t\t<\/div>\n\t\t\t\t<\/div>\n\t\t\t\t<div class=\"elementor-element elementor-element-7dc5bad elementor-icon-list--layout-traditional elementor-list-item-link-full_width elementor-widget elementor-widget-icon-list\" data-id=\"7dc5bad\" data-element_type=\"widget\" data-widget_type=\"icon-list.default\">\n\t\t\t\t<div class=\"elementor-widget-container\">\n\t\t\t\t\t\t\t<ul class=\"elementor-icon-list-items\">\n\t\t\t\t\t\t\t<li class=\"elementor-icon-list-item\">\n\t\t\t\t\t\t\t\t\t\t\t<span class=\"elementor-icon-list-icon\">\n\t\t\t\t\t\t\t<i aria-hidden=\"true\" class=\"fas fa-map-marker-alt\"><\/i>\t\t\t\t\t\t<\/span>\n\t\t\t\t\t\t\t\t\t\t<span class=\"elementor-icon-list-text\">Centres de travail<\/span>\n\t\t\t\t\t\t\t\t\t<\/li>\n\t\t\t\t\t\t<\/ul>\n\t\t\t\t\t\t<\/div>\n\t\t\t\t<\/div>\n\t\t\t\t\t<\/div>\n\t\t<\/div>\n\t\t\t\t\t<\/div>\n\t\t<\/section>\n\t\t\t\t<section class=\"elementor-section elementor-top-section elementor-element elementor-element-7453004 elementor-section-boxed elementor-section-height-default elementor-section-height-default elementor-invisible\" data-id=\"7453004\" data-element_type=\"section\" data-settings=\"{&quot;animation&quot;:&quot;slideInUp&quot;,&quot;jet_parallax_layout_list&quot;:[]}\">\n\t\t\t\t\t\t<div class=\"elementor-container elementor-column-gap-default\">\n\t\t\t\t\t<div class=\"elementor-column elementor-col-100 elementor-top-column elementor-element elementor-element-fb9a0ee\" data-id=\"fb9a0ee\" data-element_type=\"column\">\n\t\t\t<div class=\"elementor-widget-wrap elementor-element-populated\">\n\t\t\t\t\t\t<div class=\"elementor-element elementor-element-6e5663c elementor-widget elementor-widget-heading\" data-id=\"6e5663c\" data-element_type=\"widget\" data-widget_type=\"heading.default\">\n\t\t\t\t<div class=\"elementor-widget-container\">\n\t\t\t\t\t<h2 class=\"elementor-heading-title elementor-size-default\">NOTRE VASTE EXP\u00c9RIENCE INTERNATIONALE EST NOTRE GARANTIE.<\/h2>\t\t\t\t<\/div>\n\t\t\t\t<\/div>\n\t\t\t\t\t<\/div>\n\t\t<\/div>\n\t\t\t\t\t<\/div>\n\t\t<\/section>\n\t\t\t\t<section class=\"elementor-section elementor-top-section elementor-element elementor-element-83249a6 elementor-section-boxed elementor-section-height-default elementor-section-height-default\" data-id=\"83249a6\" data-element_type=\"section\" data-settings=\"{&quot;jet_parallax_layout_list&quot;:[]}\">\n\t\t\t\t\t\t<div class=\"elementor-container elementor-column-gap-default\">\n\t\t\t\t\t<div class=\"elementor-column elementor-col-100 elementor-top-column elementor-element elementor-element-5440d2d\" data-id=\"5440d2d\" data-element_type=\"column\">\n\t\t\t<div class=\"elementor-widget-wrap elementor-element-populated\">\n\t\t\t\t\t\t<div class=\"elementor-element elementor-element-31e985c elementor-widget elementor-widget-text-editor\" data-id=\"31e985c\" data-element_type=\"widget\" data-widget_type=\"text-editor.default\">\n\t\t\t\t<div class=\"elementor-widget-container\">\n\t\t\t\t\t\t\t\t\t<h3 style=\"text-align: center;\">Quels que soient vos besoins industriels et o\u00f9 que vous soyez dans le monde, vous pouvez toujours compter sur DGH.<\/h3>\t\t\t\t\t\t\t\t<\/div>\n\t\t\t\t<\/div>\n\t\t\t\t\t<\/div>\n\t\t<\/div>\n\t\t\t\t\t<\/div>\n\t\t<\/section>\n\t\t\t\t<section class=\"elementor-section elementor-top-section elementor-element elementor-element-ab1a01e elementor-section-boxed elementor-section-height-default elementor-section-height-default\" data-id=\"ab1a01e\" data-element_type=\"section\" data-settings=\"{&quot;jet_parallax_layout_list&quot;:[]}\">\n\t\t\t\t\t\t<div class=\"elementor-container elementor-column-gap-default\">\n\t\t\t\t\t<div class=\"elementor-column elementor-col-50 elementor-top-column elementor-element elementor-element-9abd892\" data-id=\"9abd892\" data-element_type=\"column\">\n\t\t\t<div class=\"elementor-widget-wrap elementor-element-populated\">\n\t\t\t\t\t\t<div class=\"elementor-element elementor-element-ac8f864 elementor-widget elementor-widget-text-editor\" data-id=\"ac8f864\" data-element_type=\"widget\" data-widget_type=\"text-editor.default\">\n\t\t\t\t<div class=\"elementor-widget-container\">\n\t\t\t\t\t\t\t\t\tDepuis nos racines en Castille-et-Le\u00f3n, dans la province de Valladolid, DGH se projette dans le monde comme une entreprise globale. Avec une solide implantation sur l\u2019ensemble du territoire national, et apr\u00e8s avoir \u00e9tabli des accords de collaboration avec de grandes entreprises internationales des secteurs industriels les plus divers, DGH s\u2019est engag\u00e9e sur la voie ferme d\u2019une entreprise fiable, robuste, agile et internationale.\t\t\t\t\t\t\t\t<\/div>\n\t\t\t\t<\/div>\n\t\t\t\t<div class=\"elementor-element elementor-element-5d9a199 elementor-widget elementor-widget-text-editor\" data-id=\"5d9a199\" data-element_type=\"widget\" data-widget_type=\"text-editor.default\">\n\t\t\t\t<div class=\"elementor-widget-container\">\n\t\t\t\t\t\t\t\t\tLa flexibilit\u00e9 et la capacit\u00e9 d\u2019adaptation aux environnements industriels les plus divers qui nous caract\u00e9risent chez DGH font de nous une entreprise en constante expansion, car de plus en plus d\u2019entreprises des secteurs industriels les plus vari\u00e9s demandent nos solutions personnalis\u00e9es.\t\t\t\t\t\t\t\t<\/div>\n\t\t\t\t<\/div>\n\t\t\t\t<div class=\"elementor-element elementor-element-1f90eed elementor-widget elementor-widget-text-editor\" data-id=\"1f90eed\" data-element_type=\"widget\" data-widget_type=\"text-editor.default\">\n\t\t\t\t<div class=\"elementor-widget-container\">\n\t\t\t\t\t\t\t\t\tAu fil des ans, nous avons jet\u00e9 les bases d\u2019un changement de mentalit\u00e9 dans le domaine de l\u2019automatisation des processus industriels de production, en suscitant la confiance dans la s\u00e9curit\u00e9 et l\u2019efficacit\u00e9 de nos solutions technologiques innovantes.\t\t\t\t\t\t\t\t<\/div>\n\t\t\t\t<\/div>\n\t\t\t\t<div class=\"elementor-element elementor-element-e395f24 elementor-widget elementor-widget-text-editor\" data-id=\"e395f24\" data-element_type=\"widget\" data-widget_type=\"text-editor.default\">\n\t\t\t\t<div class=\"elementor-widget-container\">\n\t\t\t\t\t\t\t\t\tNous fournissons des solutions efficaces \u00e0 un grand nombre d\u2019entreprises leaders dans des secteurs aussi divers que l\u2019automobile, l\u2019a\u00e9ronautique, l\u2019\u00e9nergie, le transport ferroviaire, la logistique, l\u2019alimentation et l\u2019exploitation mini\u00e8re, situ\u00e9es au Royaume-Uni, en Pologne, au Portugal, en France, en Allemagne, au Maroc, en Afrique du Sud, au Mexique et au Br\u00e9sil.\t\t\t\t\t\t\t\t<\/div>\n\t\t\t\t<\/div>\n\t\t\t\t\t<\/div>\n\t\t<\/div>\n\t\t\t\t<div class=\"elementor-column elementor-col-50 elementor-top-column elementor-element elementor-element-1bacd91\" data-id=\"1bacd91\" data-element_type=\"column\">\n\t\t\t<div class=\"elementor-widget-wrap elementor-element-populated\">\n\t\t\t\t\t\t<div class=\"elementor-element elementor-element-fc1034c elementor-widget elementor-widget-image\" data-id=\"fc1034c\" data-element_type=\"widget\" data-widget_type=\"image.default\">\n\t\t\t\t<div class=\"elementor-widget-container\">\n\t\t\t\t\t\t\t\t\t\t\t\t\t\t\t<img fetchpriority=\"high\" decoding=\"async\" width=\"800\" height=\"450\" src=\"https:\/\/pruebas.clares.eu\/wp-content\/uploads\/2024\/10\/mapas_paises_implantacion_V2-1024x576.jpg\" class=\"attachment-large size-large wp-image-8388\" alt=\"\" srcset=\"https:\/\/pruebas.clares.eu\/wp-content\/uploads\/2024\/10\/mapas_paises_implantacion_V2-1024x576.jpg 1024w, https:\/\/pruebas.clares.eu\/wp-content\/uploads\/2024\/10\/mapas_paises_implantacion_V2-780x439.jpg 780w, https:\/\/pruebas.clares.eu\/wp-content\/uploads\/2024\/10\/mapas_paises_implantacion_V2-768x432.jpg 768w, https:\/\/pruebas.clares.eu\/wp-content\/uploads\/2024\/10\/mapas_paises_implantacion_V2-1536x864.jpg 1536w, https:\/\/pruebas.clares.eu\/wp-content\/uploads\/2024\/10\/mapas_paises_implantacion_V2.jpg 1920w\" sizes=\"(max-width: 800px) 100vw, 800px\" \/>\t\t\t\t\t\t\t\t\t\t\t\t\t\t\t<\/div>\n\t\t\t\t<\/div>\n\t\t\t\t\t<\/div>\n\t\t<\/div>\n\t\t\t\t\t<\/div>\n\t\t<\/section>\n\t\t\t\t<section class=\"elementor-section elementor-top-section elementor-element elementor-element-4df6cf13 elementor-section-boxed elementor-section-height-default elementor-section-height-default\" data-id=\"4df6cf13\" data-element_type=\"section\" data-settings=\"{&quot;background_background&quot;:&quot;classic&quot;,&quot;jet_parallax_layout_list&quot;:[]}\">\n\t\t\t\t\t\t<div class=\"elementor-container elementor-column-gap-default\">\n\t\t\t\t\t<div class=\"elementor-column elementor-col-100 elementor-top-column elementor-element elementor-element-29dfe885\" data-id=\"29dfe885\" data-element_type=\"column\">\n\t\t\t<div class=\"elementor-widget-wrap elementor-element-populated\">\n\t\t\t\t\t\t<div class=\"elementor-element elementor-element-7325654b elementor-cta--layout-image-left elementor-cta--tablet-layout-image-above elementor-cta--mobile-layout-image-above elementor-cta--valign-top elementor-bg-transform elementor-bg-transform-zoom-out elementor-cta--skin-classic elementor-animated-content elementor-widget elementor-widget-call-to-action\" data-id=\"7325654b\" data-element_type=\"widget\" data-widget_type=\"call-to-action.default\">\n\t\t\t\t<div class=\"elementor-widget-container\">\n\t\t\t\t\t\t\t<div class=\"elementor-cta\">\n\t\t\t\t\t<div class=\"elementor-cta__bg-wrapper\">\n\t\t\t\t<div class=\"elementor-cta__bg elementor-bg\" style=\"background-image: url(https:\/\/pruebas.clares.eu\/wp-content\/uploads\/2024\/10\/contacto-banner_02.jpg);\" role=\"img\" aria-label=\"contacto-banner_02\"><\/div>\n\t\t\t\t<div class=\"elementor-cta__bg-overlay\"><\/div>\n\t\t\t<\/div>\n\t\t\t\t\t\t\t<div class=\"elementor-cta__content\">\n\t\t\t\t\n\t\t\t\t\t\t\t\t\t<h2 class=\"elementor-cta__title elementor-cta__content-item elementor-content-item\">\n\t\t\t\t\t\tTOUJOURS PR\u00caTS \u00c0 VOUS \u00c9COUTER.\t\t\t\t\t<\/h2>\n\t\t\t\t\n\t\t\t\t\t\t\t\t\t<div class=\"elementor-cta__description elementor-cta__content-item elementor-content-item\">\n\t\t\t\t\t\tQue vous d\u00e9marriez un nouveau projet ou que vous cherchiez \u00e0 accro\u00eetre vos performances, vous trouverez la bonne r\u00e9ponse chez DGH. On se parle?\t\t\t\t\t<\/div>\n\t\t\t\t\n\t\t\t\t\t\t\t\t\t<div class=\"elementor-cta__button-wrapper elementor-cta__content-item elementor-content-item \">\n\t\t\t\t\t<a class=\"elementor-cta__button elementor-button elementor-size-\" href=\"https:\/\/pruebas.clares.eu\/fr\/contact\/\">\n\t\t\t\t\t\tCONTACT\t\t\t\t\t<\/a>\n\t\t\t\t\t<\/div>\n\t\t\t\t\t\t\t<\/div>\n\t\t\t\t\t\t<\/div>\n\t\t\t\t\t\t<\/div>\n\t\t\t\t<\/div>\n\t\t\t\t\t<\/div>\n\t\t<\/div>\n\t\t\t\t\t<\/div>\n\t\t<\/section>\n\t\t\t\t<\/div>\n\t\t","protected":false},"excerpt":{"rendered":"<p>UNE SOLIDE IMPLANTATION SUR LE TERRITOIRE NATIONAL DGH est solidement implant\u00e9e sur tout le territoire espagnol, r\u00e9sultat d\u2019un travail acharn\u00e9, d\u2019un engagement et d\u2019un d\u00e9sir constant d\u2019innover. Notre si\u00e8ge social se trouve \u00e0 Valladolid et nous disposons \u00e9galement de quatre si\u00e8ges r\u00e9gionaux situ\u00e9s \u00e0 Pontevedra, Madrid, Sevilla et Barcelone. Gr\u00e2ce \u00e0 nos 39 centres de [&hellip;]<\/p>\n","protected":false},"author":1,"featured_media":2919,"parent":0,"menu_order":0,"comment_status":"closed","ping_status":"closed","template":"","meta":{"footnotes":""},"class_list":["post-2917","page","type-page","status-publish","has-post-thumbnail","hentry"],"_links":{"self":[{"href":"https:\/\/pruebas.clares.eu\/fr\/wp-json\/wp\/v2\/pages\/2917","targetHints":{"allow":["GET"]}}],"collection":[{"href":"https:\/\/pruebas.clares.eu\/fr\/wp-json\/wp\/v2\/pages"}],"about":[{"href":"https:\/\/pruebas.clares.eu\/fr\/wp-json\/wp\/v2\/types\/page"}],"author":[{"embeddable":true,"href":"https:\/\/pruebas.clares.eu\/fr\/wp-json\/wp\/v2\/users\/1"}],"replies":[{"embeddable":true,"href":"https:\/\/pruebas.clares.eu\/fr\/wp-json\/wp\/v2\/comments?post=2917"}],"version-history":[{"count":24,"href":"https:\/\/pruebas.clares.eu\/fr\/wp-json\/wp\/v2\/pages\/2917\/revisions"}],"predecessor-version":[{"id":8513,"href":"https:\/\/pruebas.clares.eu\/fr\/wp-json\/wp\/v2\/pages\/2917\/revisions\/8513"}],"wp:featuredmedia":[{"embeddable":true,"href":"https:\/\/pruebas.clares.eu\/fr\/wp-json\/wp\/v2\/media\/2919"}],"wp:attachment":[{"href":"https:\/\/pruebas.clares.eu\/fr\/wp-json\/wp\/v2\/media?parent=2917"}],"curies":[{"name":"wp","href":"https:\/\/api.w.org\/{rel}","templated":true}]}}